{"id":11,"date":"2026-04-24T14:37:47","date_gmt":"2026-04-24T12:37:47","guid":{"rendered":"https:\/\/blue.lukaszlubinski.com\/?page_id=11"},"modified":"2026-04-24T15:41:36","modified_gmt":"2026-04-24T13:41:36","slug":"test","status":"publish","type":"page","link":"https:\/\/blue.lukaszlubinski.com\/index.php\/test\/","title":{"rendered":"Testowy tytu\u0142 podstrony, ciekawe jaki jest d\u0142ugi"},"content":{"rendered":"\n<div class=\"wp-block-group alignfull has-global-padding is-layout-constrained wp-container-core-group-is-layout-606e9d3e wp-block-group-is-layout-constrained\" style=\"padding-top:70px;padding-right:30px;padding-bottom:var(--wp--preset--spacing--x-large);padding-left:30px\">\n<div class=\"wp-block-columns alignwide are-vertically-aligned-center is-layout-flex wp-container-core-columns-is-layout-494b7923 wp-block-columns-is-layout-flex\">\n<div class=\"wp-block-column is-vertically-aligned-center is-layout-flow wp-block-column-is-layout-flow\" style=\"flex-basis:60%\">\n<h2 class=\"wp-block-heading has-max-60-font-size\" id=\"we-reimagine-how-to-build-wordpress-websites\" style=\"margin-bottom:0px;letter-spacing:-1px\">Poznaj nast\u0119pn\u0105 generacj\u0119 WordPressa.<\/h2>\n\n\n\n<p class=\"has-large-font-size\" style=\"margin-top:var(--wp--preset--spacing--x-small)\">Niezale\u017cnie od tego, czy budujesz stron\u0119 internetow\u0105 dla swojej firmy, marki osobistej czy projektu kreatywnego, Frost jest idealnym rozwi\u0105zaniem dla ka\u017cdego, kto chce szybko i sprawnie uruchomi\u0107 stron\u0119 internetow\u0105.<\/p>\n\n\n\n<div class=\"wp-block-buttons is-layout-flex wp-container-core-buttons-is-layout-af091716 wp-block-buttons-is-layout-flex\" style=\"margin-top:30px\">\n<div class=\"wp-block-button\"><a class=\"wp-block-button__link has-small-font-size has-custom-font-size wp-element-button\">Zaczynamy<\/a><\/div>\n\n\n\n<div class=\"wp-block-button is-style-outline-background is-style-outline is-style-outline--1\"><a class=\"wp-block-button__link has-small-font-size has-custom-font-size wp-element-button\" style=\"padding-top:14px;padding-right:29px;padding-bottom:14px;padding-left:29px\">Dowiedz si\u0119 wi\u0119cej<\/a><\/div>\n<\/div>\n<\/div>\n\n\n\n<div class=\"wp-block-column is-vertically-aligned-center is-layout-flow wp-block-column-is-layout-flow\" style=\"flex-basis:40%\">\n<figure class=\"wp-block-image size-full\"><img decoding=\"async\" src=\"https:\/\/blue.lukaszlubinski.com\/wp-content\/themes\/frost\/assets\/images\/sample_black_1200x1200.jpg\" alt=\"Sample Image\"\/><\/figure>\n<\/div>\n<\/div>\n<\/div>\n\n\n\n<div class=\"wp-block-group alignfull has-contrast-background-color has-background has-global-padding is-layout-constrained wp-container-core-group-is-layout-031b3a36 wp-block-group-is-layout-constrained\" style=\"margin-top:0;padding-top:var(--wp--preset--spacing--medium);padding-right:30px;padding-bottom:var(--wp--preset--spacing--medium);padding-left:30px\">\n<div class=\"wp-block-group alignwide is-content-justification-center is-nowrap is-layout-flex wp-container-core-group-is-layout-23441af8 wp-block-group-is-layout-flex\">\n<figure class=\"wp-block-image size-full is-resized\"><img decoding=\"async\" src=\"https:\/\/blue.lukaszlubinski.com\/wp-content\/themes\/frost\/assets\/images\/sample-logo.png\" alt=\"Sample Logo\" style=\"width:150px;height:32px\"\/><\/figure>\n\n\n\n<figure class=\"wp-block-image size-full is-resized\"><img decoding=\"async\" src=\"https:\/\/blue.lukaszlubinski.com\/wp-content\/themes\/frost\/assets\/images\/sample-logo.png\" alt=\"Sample Logo\" style=\"width:150px;height:32px\"\/><\/figure>\n\n\n\n<figure class=\"wp-block-image size-full is-resized\"><img decoding=\"async\" src=\"https:\/\/blue.lukaszlubinski.com\/wp-content\/themes\/frost\/assets\/images\/sample-logo.png\" alt=\"Sample Logo\" style=\"width:150px;height:32px\"\/><\/figure>\n\n\n\n<figure class=\"wp-block-image size-full is-resized\"><img decoding=\"async\" src=\"https:\/\/blue.lukaszlubinski.com\/wp-content\/themes\/frost\/assets\/images\/sample-logo.png\" alt=\"Sample Logo\" style=\"width:150px;height:32px\"\/><\/figure>\n\n\n\n<figure class=\"wp-block-image size-full is-resized\"><img decoding=\"async\" src=\"https:\/\/blue.lukaszlubinski.com\/wp-content\/themes\/frost\/assets\/images\/sample-logo.png\" alt=\"Sample Logo\" style=\"width:150px;height:32px\"\/><\/figure>\n<\/div>\n<\/div>\n\n\n\n<div class=\"wp-block-group alignfull has-global-padding is-layout-constrained wp-container-core-group-is-layout-bd3f87b6 wp-block-group-is-layout-constrained\" style=\"margin-top:0;padding-top:var(--wp--preset--spacing--x-large);padding-right:30px;padding-bottom:var(--wp--preset--spacing--x-large);padding-left:30px\">\n<div class=\"wp-block-group has-global-padding is-layout-constrained wp-block-group-is-layout-constrained\">\n<h2 class=\"wp-block-heading has-text-align-center has-max-60-font-size\" id=\"text-on-left-image-on-right\" style=\"letter-spacing:-1px\">Build with Frost.<\/h2>\n\n\n\n<p class=\"has-text-align-center\" style=\"line-height:1.5\">Dzi\u0119ki czystemu, minimalnemu projektowi i bogatemu zestawowi funkcji Frost umo\u017cliwia agencjom tworzenie stylowych i zaawansowanych stron internetowych WordPress.<\/p>\n<\/div>\n\n\n\n<div class=\"wp-block-columns is-layout-flex wp-container-core-columns-is-layout-d6ae76a5 wp-block-columns-is-layout-flex\" style=\"margin-top:var(--wp--preset--spacing--medium)\">\n<div class=\"wp-block-column has-neutral-background-color has-background is-layout-flow wp-container-core-column-is-layout-d3dbf4e6 wp-block-column-is-layout-flow\" style=\"padding-top:var(--wp--preset--spacing--small);padding-right:var(--wp--preset--spacing--small);padding-bottom:var(--wp--preset--spacing--small);padding-left:var(--wp--preset--spacing--small);flex-basis:25%\">\n<p class=\"has-max-60-font-size\" style=\"font-style:normal;font-weight:400;line-height:1\">01<\/p>\n\n\n\n<h3 class=\"wp-block-heading has-small-font-size\" style=\"text-transform:uppercase\">Projekt<\/h3>\n\n\n\n<p class=\"has-small-font-size\" style=\"line-height:1.5\">Fundament, na kt\u00f3rym opiera si\u0119 estetyka, do\u015bwiadczenie u\u017cytkownika i funkcjonalno\u015b\u0107.<\/p>\n\n\n\n<p class=\"has-small-font-size\"><a href=\"#features\">Dowiedz si\u0119 wi\u0119cej \u2192<\/a><\/p>\n<\/div>\n\n\n\n<div class=\"wp-block-column has-base-color has-primary-background-color has-text-color has-background is-layout-flow wp-container-core-column-is-layout-d3dbf4e6 wp-block-column-is-layout-flow\" style=\"padding-top:var(--wp--preset--spacing--small);padding-right:var(--wp--preset--spacing--small);padding-bottom:var(--wp--preset--spacing--small);padding-left:var(--wp--preset--spacing--small);flex-basis:25%\">\n<p class=\"has-max-60-font-size\" style=\"font-style:normal;font-weight:400;line-height:1\">02<\/p>\n\n\n\n<h3 class=\"wp-block-heading has-small-font-size\" style=\"text-transform:uppercase\">Wzorce<\/h3>\n\n\n\n<p class=\"has-small-font-size\" style=\"line-height:1.5\">Zestaw gotowych klock\u00f3w, kt\u00f3re daj\u0105 budowniczym mo\u017cliwo\u015bci i zwi\u0119kszaj\u0105 ich kreatywno\u015b\u0107.<\/p>\n\n\n\n<p class=\"has-link-color has-small-font-size wp-elements-c0278f5339d4368d07ab3469ea1b9426\"><a href=\"#\">Dowiedz si\u0119 wi\u0119cej \u2192<\/a><\/p>\n<\/div>\n\n\n\n<div class=\"wp-block-column has-base-color has-secondary-background-color has-text-color has-background is-layout-flow wp-container-core-column-is-layout-d3dbf4e6 wp-block-column-is-layout-flow\" style=\"padding-top:var(--wp--preset--spacing--small);padding-right:var(--wp--preset--spacing--small);padding-bottom:var(--wp--preset--spacing--small);padding-left:var(--wp--preset--spacing--small);flex-basis:25%\">\n<p class=\"has-max-60-font-size\" style=\"font-style:normal;font-weight:400;line-height:1\">03<\/p>\n\n\n\n<h3 class=\"wp-block-heading has-small-font-size\" style=\"text-transform:uppercase\">Uk\u0142ady<\/h3>\n\n\n\n<p class=\"has-small-font-size\" style=\"line-height:1.5\">Zbi\u00f3r ca\u0142ostronicowych wzor\u00f3w u\u017cywanych do prezentowania tre\u015bci lub przekazu.<\/p>\n\n\n\n<p class=\"has-link-color has-small-font-size wp-elements-c0278f5339d4368d07ab3469ea1b9426\"><a href=\"#\">Dowiedz si\u0119 wi\u0119cej \u2192<\/a><\/p>\n<\/div>\n\n\n\n<div class=\"wp-block-column has-base-color has-contrast-background-color has-text-color has-background is-layout-flow wp-container-core-column-is-layout-d3dbf4e6 wp-block-column-is-layout-flow\" style=\"padding-top:var(--wp--preset--spacing--small);padding-right:var(--wp--preset--spacing--small);padding-bottom:var(--wp--preset--spacing--small);padding-left:var(--wp--preset--spacing--small);flex-basis:25%\">\n<p class=\"has-max-60-font-size\" style=\"font-style:normal;font-weight:400;line-height:1\">04<\/p>\n\n\n\n<h3 class=\"wp-block-heading has-small-font-size\" style=\"text-transform:uppercase\">Style<\/h3>\n\n\n\n<p class=\"has-small-font-size\" style=\"line-height:1.5\">Zasadniczy element projektowania stron internetowych, u\u017cywany do tworzenia efektownych wizualnie projekt\u00f3w.<\/p>\n\n\n\n<p class=\"has-link-color has-small-font-size wp-elements-c0278f5339d4368d07ab3469ea1b9426\"><a href=\"#\">Dowiedz si\u0119 wi\u0119cej \u2192<\/a><\/p>\n<\/div>\n<\/div>\n<\/div>\n\n\n\n<div class=\"wp-block-group alignfull has-background-color has-base-color has-contrast-background-color has-text-color has-background has-global-padding is-layout-constrained wp-container-core-group-is-layout-4484486d wp-block-group-is-layout-constrained\" style=\"margin-top:0px;padding-top:var(--wp--preset--spacing--x-large);padding-right:30px;padding-bottom:var(--wp--preset--spacing--x-large);padding-left:30px\">\n<div class=\"wp-block-columns alignwide are-vertically-aligned-center is-layout-flex wp-container-core-columns-is-layout-28f84493 wp-block-columns-is-layout-flex\">\n<div class=\"wp-block-column is-vertically-aligned-center is-layout-flow wp-block-column-is-layout-flow\" style=\"flex-basis:65%\">\n<p class=\"has-large-font-size\" style=\"line-height:1.5\">Dzi\u0119ki czystemu, minimalnemu projektowi i pot\u0119\u017cnemu zestawowi funkcji Frost umo\u017cliwia agencjom tworzenie stylowych i zaawansowanych stron internetowych WordPress. Ka-chow!<\/p>\n<\/div>\n\n\n\n<div class=\"wp-block-column is-vertically-aligned-center is-layout-flow wp-block-column-is-layout-flow\" style=\"flex-basis:35%\">\n<div class=\"wp-block-buttons is-horizontal is-content-justification-right is-layout-flex wp-container-core-buttons-is-layout-30af2ff6 wp-block-buttons-is-layout-flex\">\n<div class=\"wp-block-button is-style-fill\"><a class=\"wp-block-button__link has-primary-background-color has-background wp-element-button\">Zobacz wzorce<\/a><\/div>\n\n\n\n<div class=\"wp-block-button is-style-outline is-style-outline--2\"><a class=\"wp-block-button__link has-base-color has-text-color wp-element-button\">Wy\u015bwietl uk\u0142ady<\/a><\/div>\n<\/div>\n<\/div>\n<\/div>\n<\/div>\n\n\n\n<div class=\"wp-block-group alignfull has-global-padding is-layout-constrained wp-container-core-group-is-layout-2a0966ce wp-block-group-is-layout-constrained\" style=\"margin-top:0;padding-top:var(--wp--preset--spacing--x-large);padding-right:30px;padding-bottom:var(--wp--preset--spacing--x-large);padding-left:30px\">\n<div class=\"wp-block-group is-layout-flow wp-container-core-group-is-layout-da1d6529 wp-block-group-is-layout-flow\">\n<h2 class=\"wp-block-heading has-text-align-center has-max-48-font-size\" id=\"block-patterns\" style=\"margin-bottom:0px\">Poznaj dru\u017cyn\u0119.<\/h2>\n\n\n\n<p class=\"has-text-align-center\" style=\"margin-bottom:var(--wp--preset--spacing--medium)\">Utalentowani ludzie, kt\u00f3rzy pracuj\u0105 nad tematem Mr\u00f3z.<\/p>\n<\/div>\n\n\n\n<div class=\"wp-block-group alignwide is-layout-flow wp-block-group-is-layout-flow\">\n<div class=\"wp-block-columns is-layout-flex wp-container-core-columns-is-layout-28f84493 wp-block-columns-is-layout-flex\">\n<div class=\"wp-block-column is-layout-flow wp-block-column-is-layout-flow\">\n<figure class=\"wp-block-image aligncenter size-full is-resized\"><img decoding=\"async\" src=\"https:\/\/blue.lukaszlubinski.com\/wp-content\/themes\/frost\/assets\/images\/sample_800x800.jpg\" alt=\"Sample Image\" style=\"width:200px;height:200px\"\/><\/figure>\n\n\n\n<h3 class=\"wp-block-heading has-text-align-center has-medium-font-size\" id=\"member-name-1\">Imi\u0119 i nazwisko cz\u0142onka<\/h3>\n\n\n\n<p class=\"has-text-align-center\" style=\"line-height:1.5\">Jestem programist\u0105 WordPressa i lubi\u0119 budowa\u0107 strony internetowe.<\/p>\n\n\n\n<div class=\"wp-block-buttons is-content-justification-center is-layout-flex wp-container-core-buttons-is-layout-a89b3969 wp-block-buttons-is-layout-flex\">\n<div class=\"wp-block-button\"><a class=\"wp-block-button__link wp-element-button\" href=\"#\" style=\"padding-top:var(--wp--preset--spacing--x-small);padding-right:var(--wp--preset--spacing--medium);padding-bottom:var(--wp--preset--spacing--x-small);padding-left:var(--wp--preset--spacing--medium)\">Zobacz profil<\/a><\/div>\n<\/div>\n<\/div>\n\n\n\n<div class=\"wp-block-column is-layout-flow wp-block-column-is-layout-flow\">\n<figure class=\"wp-block-image aligncenter size-full is-resized\"><img decoding=\"async\" src=\"https:\/\/blue.lukaszlubinski.com\/wp-content\/themes\/frost\/assets\/images\/sample_800x800.jpg\" alt=\"Sample Image\" style=\"width:200px;height:200px\"\/><\/figure>\n\n\n\n<h3 class=\"wp-block-heading has-text-align-center has-medium-font-size\" id=\"member-name-1\">Imi\u0119 i nazwisko cz\u0142onka<\/h3>\n\n\n\n<p class=\"has-text-align-center\" style=\"line-height:1.5\">Jestem programist\u0105 WordPressa i lubi\u0119 budowa\u0107 strony internetowe.<\/p>\n\n\n\n<div class=\"wp-block-buttons is-content-justification-center is-layout-flex wp-container-core-buttons-is-layout-a89b3969 wp-block-buttons-is-layout-flex\">\n<div class=\"wp-block-button\"><a class=\"wp-block-button__link wp-element-button\" href=\"#\" style=\"padding-top:var(--wp--preset--spacing--x-small);padding-right:var(--wp--preset--spacing--medium);padding-bottom:var(--wp--preset--spacing--x-small);padding-left:var(--wp--preset--spacing--medium)\">Zobacz profil<\/a><\/div>\n<\/div>\n<\/div>\n\n\n\n<div class=\"wp-block-column is-layout-flow wp-block-column-is-layout-flow\">\n<figure class=\"wp-block-image aligncenter size-full is-resized\"><img decoding=\"async\" src=\"https:\/\/blue.lukaszlubinski.com\/wp-content\/themes\/frost\/assets\/images\/sample_800x800.jpg\" alt=\"Sample Image\" style=\"width:200px;height:200px\"\/><\/figure>\n\n\n\n<h3 class=\"wp-block-heading has-text-align-center has-medium-font-size\" id=\"member-name-1\">Imi\u0119 i nazwisko cz\u0142onka<\/h3>\n\n\n\n<p class=\"has-text-align-center\" style=\"line-height:1.5\">Jestem programist\u0105 WordPressa i lubi\u0119 budowa\u0107 strony internetowe.<\/p>\n\n\n\n<div class=\"wp-block-buttons is-content-justification-center is-layout-flex wp-container-core-buttons-is-layout-a89b3969 wp-block-buttons-is-layout-flex\">\n<div class=\"wp-block-button\"><a class=\"wp-block-button__link wp-element-button\" href=\"#\" style=\"padding-top:var(--wp--preset--spacing--x-small);padding-right:var(--wp--preset--spacing--medium);padding-bottom:var(--wp--preset--spacing--x-small);padding-left:var(--wp--preset--spacing--medium)\">Zobacz profil<\/a><\/div>\n<\/div>\n<\/div>\n\n\n\n<div class=\"wp-block-column is-layout-flow wp-block-column-is-layout-flow\">\n<figure class=\"wp-block-image aligncenter size-full is-resized\"><img decoding=\"async\" src=\"https:\/\/blue.lukaszlubinski.com\/wp-content\/themes\/frost\/assets\/images\/sample_800x800.jpg\" alt=\"Sample Image\" style=\"width:200px;height:200px\"\/><\/figure>\n\n\n\n<h3 class=\"wp-block-heading has-text-align-center has-medium-font-size\" id=\"member-name-1\">Imi\u0119 i nazwisko cz\u0142onka<\/h3>\n\n\n\n<p class=\"has-text-align-center\" style=\"line-height:1.5\">Jestem programist\u0105 WordPressa i lubi\u0119 budowa\u0107 strony internetowe.<\/p>\n\n\n\n<div class=\"wp-block-buttons is-content-justification-center is-layout-flex wp-container-core-buttons-is-layout-a89b3969 wp-block-buttons-is-layout-flex\">\n<div class=\"wp-block-button\"><a class=\"wp-block-button__link wp-element-button\" href=\"#\" style=\"padding-top:var(--wp--preset--spacing--x-small);padding-right:var(--wp--preset--spacing--medium);padding-bottom:var(--wp--preset--spacing--x-small);padding-left:var(--wp--preset--spacing--medium)\">Zobacz profil<\/a><\/div>\n<\/div>\n<\/div>\n<\/div>\n<\/div>\n<\/div>\n","protected":false},"excerpt":{"rendered":"<p>Poznaj nast\u0119pn\u0105 generacj\u0119 WordPressa. Niezale\u017cnie od tego, czy budujesz stron\u0119 internetow\u0105 dla swojej firmy, marki osobistej czy projektu kreatywnego, Frost jest idealnym rozwi\u0105zaniem dla ka\u017cdego, kto chce szybko i sprawnie uruchomi\u0107 stron\u0119 internetow\u0105. Build with Frost. Dzi\u0119ki czystemu, minimalnemu projektowi i bogatemu zestawowi funkcji Frost umo\u017cliwia agencjom tworzenie stylowych i zaawansowanych stron internetowych WordPress. 01 [&hellip;]<\/p>\n","protected":false},"author":1,"featured_media":0,"parent":0,"menu_order":0,"comment_status":"closed","ping_status":"closed","template":"no-title","meta":{"footnotes":""},"class_list":["post-11","page","type-page","status-publish","hentry"],"_links":{"self":[{"href":"https:\/\/blue.lukaszlubinski.com\/index.php\/wp-json\/wp\/v2\/pages\/11","targetHints":{"allow":["GET"]}}],"collection":[{"href":"https:\/\/blue.lukaszlubinski.com\/index.php\/wp-json\/wp\/v2\/pages"}],"about":[{"href":"https:\/\/blue.lukaszlubinski.com\/index.php\/wp-json\/wp\/v2\/types\/page"}],"author":[{"embeddable":true,"href":"https:\/\/blue.lukaszlubinski.com\/index.php\/wp-json\/wp\/v2\/users\/1"}],"replies":[{"embeddable":true,"href":"https:\/\/blue.lukaszlubinski.com\/index.php\/wp-json\/wp\/v2\/comments?post=11"}],"version-history":[{"count":3,"href":"https:\/\/blue.lukaszlubinski.com\/index.php\/wp-json\/wp\/v2\/pages\/11\/revisions"}],"predecessor-version":[{"id":17,"href":"https:\/\/blue.lukaszlubinski.com\/index.php\/wp-json\/wp\/v2\/pages\/11\/revisions\/17"}],"wp:attachment":[{"href":"https:\/\/blue.lukaszlubinski.com\/index.php\/wp-json\/wp\/v2\/media?parent=11"}],"curies":[{"name":"wp","href":"https:\/\/api.w.org\/{rel}","templated":true}]}}